{"id":9157,"date":"2021-01-11T12:19:16","date_gmt":"2021-01-11T12:19:16","guid":{"rendered":"https:\/\/www.eigirdas.com\/?post_type=product&#038;p=9157"},"modified":"2026-04-12T09:26:48","modified_gmt":"2026-04-12T09:26:48","slug":"trys-menulio-ezerai","status":"publish","type":"product","link":"https:\/\/eigirdas.com\/en\/paintings\/trys-menulio-ezerai\/","title":{"rendered":"Three Lakes of the Moon"},"content":{"rendered":"<p class=\"\">Three Lakes of the Moon, 2020 by Eigirdas Scinskas<\/p>\n<p class=\"\">Oil on canvas<\/p>\n<p class=\"\">size 136 \u00d7 147 cm<\/p>\n<p class=\"\">This is a unique, original artwork.<\/p>\n<p class=\"\">Signature Hand-signed by artist<\/p>\n<p class=\"\">Certificate of authenticity Included<\/p>","protected":false},"excerpt":{"rendered":"<p>Trys M\u0117nulio e\u017eerai, 2020 by Eigirdas Scinskas Oil on canvas size 136 \u00d7 147 cm This is a unique, original artwork. Signature Hand-signed by artist Certificate of authenticity Included<\/p>","protected":false},"featured_media":9122,"template":"","meta":{"_acf_changed":false},"product_brand":[],"product_cat":[58,33,27],"product_tag":[248,247,243],"product_artist":[],"class_list":{"0":"post-9157","1":"product","2":"type-product","3":"status-publish","4":"has-post-thumbnail","6":"product_cat-calm-series","7":"product_cat-medium-100cm-150cm","8":"product_cat-paintings","9":"product_tag-ankstesnes-serijos","10":"product_tag-privaciose-kolekcijose","11":"product_tag-sold","13":"first","14":"outofstock","15":"shipping-taxable","16":"purchasable","17":"product-type-simple"},"acf":[],"_links":{"self":[{"href":"https:\/\/eigirdas.com\/en\/wp-json\/wp\/v2\/product\/9157","targetHints":{"allow":["GET"]}}],"collection":[{"href":"https:\/\/eigirdas.com\/en\/wp-json\/wp\/v2\/product"}],"about":[{"href":"https:\/\/eigirdas.com\/en\/wp-json\/wp\/v2\/types\/product"}],"wp:featuredmedia":[{"embeddable":true,"href":"https:\/\/eigirdas.com\/en\/wp-json\/wp\/v2\/media\/9122"}],"wp:attachment":[{"href":"https:\/\/eigirdas.com\/en\/wp-json\/wp\/v2\/media?parent=9157"}],"wp:term":[{"taxonomy":"product_brand","embeddable":true,"href":"https:\/\/eigirdas.com\/en\/wp-json\/wp\/v2\/product_brand?post=9157"},{"taxonomy":"product_cat","embeddable":true,"href":"https:\/\/eigirdas.com\/en\/wp-json\/wp\/v2\/product_cat?post=9157"},{"taxonomy":"product_tag","embeddable":true,"href":"https:\/\/eigirdas.com\/en\/wp-json\/wp\/v2\/product_tag?post=9157"},{"taxonomy":"product_artist","embeddable":true,"href":"https:\/\/eigirdas.com\/en\/wp-json\/wp\/v2\/product_artist?post=9157"}],"curies":[{"name":"wp","href":"https:\/\/api.w.org\/{rel}","templated":true}]}}