{"id":333427,"date":"2025-12-01T09:44:58","date_gmt":"2025-12-01T09:44:58","guid":{"rendered":"https:\/\/eigirdas.com\/?post_type=product&#038;p=333427"},"modified":"2026-04-12T09:31:44","modified_gmt":"2026-04-12T09:31:44","slug":"gift-card","status":"publish","type":"product","link":"https:\/\/eigirdas.com\/en\/paintings\/gift-card\/","title":{"rendered":"GIFT CARD"},"content":{"rendered":"<p class=\"\">Gift card leid\u017eia i\u0161sirinkti paveiksl\u0105 be skub\u0117jimo, be triuk\u0161mo.<\/p>\n<p class=\"\">Dovana sau. Dovana \u017emogui. Dovana erdvei.<\/p>\n<p class=\"\">Gift card atveria galimyb\u0119 \u012fsigyti paveiksl\u0105 \u012f asmenin\u0119 kolekcij\u0105.<\/p>\n<p class=\"\">Jeigu norite asmeninio ar fizinio dovan\u0173 kupono, susisiekite.<\/p>","protected":false},"excerpt":{"rendered":"<p>Gift card leid\u017eia i\u0161sirinkti paveiksl\u0105 be skub\u0117jimo, be triuk\u0161mo. Dovana sau. Dovana \u017emogui. Dovana erdvei. Gift card atveria galimyb\u0119 \u012fsigyti paveiksl\u0105 \u012f asmenin\u0119 kolekcij\u0105. Jeigu norite asmeninio ar fizinio dovan\u0173 kupono, susisiekite.<\/p>","protected":false},"featured_media":333429,"template":"","meta":{"_acf_changed":false},"product_brand":[],"product_cat":[249,58,50,51,52],"product_tag":[242,247],"product_artist":[],"class_list":{"0":"post-333427","1":"product","2":"type-product","3":"status-publish","4":"has-post-thumbnail","6":"product_cat-dovanu-kuponas","7":"product_cat-calm-series","8":"product_cat-jellyfish-paveikslai","9":"product_cat-silence-series","10":"product_cat-white-series","11":"product_tag-available","12":"product_tag-privaciose-kolekcijose","14":"first","15":"instock","16":"shipping-taxable","17":"purchasable","18":"product-type-variable","19":"has-default-attributes"},"acf":[],"_links":{"self":[{"href":"https:\/\/eigirdas.com\/en\/wp-json\/wp\/v2\/product\/333427","targetHints":{"allow":["GET"]}}],"collection":[{"href":"https:\/\/eigirdas.com\/en\/wp-json\/wp\/v2\/product"}],"about":[{"href":"https:\/\/eigirdas.com\/en\/wp-json\/wp\/v2\/types\/product"}],"wp:featuredmedia":[{"embeddable":true,"href":"https:\/\/eigirdas.com\/en\/wp-json\/wp\/v2\/media\/333429"}],"wp:attachment":[{"href":"https:\/\/eigirdas.com\/en\/wp-json\/wp\/v2\/media?parent=333427"}],"wp:term":[{"taxonomy":"product_brand","embeddable":true,"href":"https:\/\/eigirdas.com\/en\/wp-json\/wp\/v2\/product_brand?post=333427"},{"taxonomy":"product_cat","embeddable":true,"href":"https:\/\/eigirdas.com\/en\/wp-json\/wp\/v2\/product_cat?post=333427"},{"taxonomy":"product_tag","embeddable":true,"href":"https:\/\/eigirdas.com\/en\/wp-json\/wp\/v2\/product_tag?post=333427"},{"taxonomy":"product_artist","embeddable":true,"href":"https:\/\/eigirdas.com\/en\/wp-json\/wp\/v2\/product_artist?post=333427"}],"curies":[{"name":"wp","href":"https:\/\/api.w.org\/{rel}","templated":true}]}}