{"id":332663,"date":"2025-10-14T16:13:12","date_gmt":"2025-10-14T16:13:12","guid":{"rendered":"https:\/\/eigirdas.com\/?post_type=product&#038;p=332663"},"modified":"2026-04-12T09:26:34","modified_gmt":"2026-04-12T09:26:34","slug":"virs-debesu-250-140cm-oil","status":"publish","type":"product","link":"https:\/\/eigirdas.com\/en\/paintings\/virs-debesu-250-140cm-oil\/","title":{"rendered":"Vir\u0161 debes\u0173 250-140cm"},"content":{"rendered":"<p class=\"\">Paveikslas Vir\u0161 debes\u0173, 2025 by Eigirdas Scinskas<\/p>\n<p class=\"\">Oil on canvas<\/p>\n<p class=\"\">size 250 \u00d7 140 cm<\/p>\n<p class=\"\">This is a unique, original artwork.<\/p>\n<p class=\"\">Signature Hand-signed by artist<\/p>\n<p class=\"\">Certificate of authenticity included<\/p>","protected":false},"excerpt":{"rendered":"<p>Abstract art Jellyfish \u2013 The Dark Side by Eigirdas Scinskas. originalus paveikslas, sertifikuotas, \u0161iuolaikin\u0117 abstrakcija su m\u0117lynomis formomis.Abstract<\/p>","protected":false},"featured_media":332700,"template":"","meta":{"_acf_changed":false},"product_brand":[],"product_cat":[27,50,33],"product_tag":[72,68,77,242,74,69,81,78,76,80,79,247],"product_artist":[],"class_list":{"0":"post-332663","1":"product","2":"type-product","3":"status-publish","4":"has-post-thumbnail","6":"product_cat-paintings","7":"product_cat-jellyfish-paveikslai","8":"product_cat-medium-100cm-150cm","9":"product_tag-2025painting","10":"product_tag-abstractart","11":"product_tag-acrylicpainting","12":"product_tag-available","13":"product_tag-contemporaryart","14":"product_tag-eigirdasscinskas","15":"product_tag-handpainted","16":"product_tag-largeart","17":"product_tag-maldyvai","18":"product_tag-oceancolors","19":"product_tag-originalwork","20":"product_tag-privaciose-kolekcijose","22":"first","23":"instock","24":"shipping-taxable","25":"product-type-simple"},"acf":[],"_links":{"self":[{"href":"https:\/\/eigirdas.com\/en\/wp-json\/wp\/v2\/product\/332663","targetHints":{"allow":["GET"]}}],"collection":[{"href":"https:\/\/eigirdas.com\/en\/wp-json\/wp\/v2\/product"}],"about":[{"href":"https:\/\/eigirdas.com\/en\/wp-json\/wp\/v2\/types\/product"}],"wp:featuredmedia":[{"embeddable":true,"href":"https:\/\/eigirdas.com\/en\/wp-json\/wp\/v2\/media\/332700"}],"wp:attachment":[{"href":"https:\/\/eigirdas.com\/en\/wp-json\/wp\/v2\/media?parent=332663"}],"wp:term":[{"taxonomy":"product_brand","embeddable":true,"href":"https:\/\/eigirdas.com\/en\/wp-json\/wp\/v2\/product_brand?post=332663"},{"taxonomy":"product_cat","embeddable":true,"href":"https:\/\/eigirdas.com\/en\/wp-json\/wp\/v2\/product_cat?post=332663"},{"taxonomy":"product_tag","embeddable":true,"href":"https:\/\/eigirdas.com\/en\/wp-json\/wp\/v2\/product_tag?post=332663"},{"taxonomy":"product_artist","embeddable":true,"href":"https:\/\/eigirdas.com\/en\/wp-json\/wp\/v2\/product_artist?post=332663"}],"curies":[{"name":"wp","href":"https:\/\/api.w.org\/{rel}","templated":true}]}}