{"id":332496,"date":"2025-08-08T06:42:28","date_gmt":"2025-08-08T06:42:28","guid":{"rendered":"https:\/\/eigirdas.com\/?post_type=product&#038;p=332496"},"modified":"2026-04-12T09:26:34","modified_gmt":"2026-04-12T09:26:34","slug":"jellyfish-archetype-abstraktus-paveikslai","status":"publish","type":"product","link":"https:\/\/eigirdas.com\/en\/paintings\/jellyfish-archetype-abstraktus-paveikslai\/","title":{"rendered":"Jellyfish  &#8211; Archetype"},"content":{"rendered":"<p class=\"\">Paveikslas Jellyfish &#8211; Archetype, 2025 by Eigirdas Scinskas<\/p>\n<p class=\"\">Mix media<\/p>\n<p class=\"\">size 147 \u00d7 110 cm<\/p>\n<p data-start=\"217\" data-end=\"735\"><em data-start=\"217\" data-end=\"733\">Jellyfish Archetype by Eigirdas Scinskas is part of the Medusa series and presents an abstract interpretation of the jellyfish theme in contemporary art. Created with mixed media on canvas, the work translates organic sea forms into symbolic visual language filled with movement and depth. This original artwork is hand signed by the artist and includes a certificate of authenticity. A unique piece for collectors who appreciate contemporary abstract art with strong identity emotional presence and lasting value.<\/em><\/p>","protected":false},"excerpt":{"rendered":"<p data-start=\"483\" data-end=\"655\"><em data-start=\"493\" data-end=\"653\">Jellyfish Archetype i\u0161 Eigirdo Scinsko Medusa serijos. Abstraktus paveikslas med\u016bza, mi\u0161ri technika. Originalus k\u016brinys su para\u0161u ir autenti\u0161kumo sertifikatu.<\/em><\/p>","protected":false},"featured_media":332540,"template":"","meta":{"_acf_changed":false},"product_brand":[],"product_cat":[27,50,33],"product_tag":[72,68,77,242,74,69,81,78,76,80,79,247],"product_artist":[],"class_list":{"0":"post-332496","1":"product","2":"type-product","3":"status-publish","4":"has-post-thumbnail","6":"product_cat-paintings","7":"product_cat-jellyfish-paveikslai","8":"product_cat-medium-100cm-150cm","9":"product_tag-2025painting","10":"product_tag-abstractart","11":"product_tag-acrylicpainting","12":"product_tag-available","13":"product_tag-contemporaryart","14":"product_tag-eigirdasscinskas","15":"product_tag-handpainted","16":"product_tag-largeart","17":"product_tag-maldyvai","18":"product_tag-oceancolors","19":"product_tag-originalwork","20":"product_tag-privaciose-kolekcijose","22":"first","23":"instock","24":"shipping-taxable","25":"product-type-simple"},"acf":[],"_links":{"self":[{"href":"https:\/\/eigirdas.com\/en\/wp-json\/wp\/v2\/product\/332496","targetHints":{"allow":["GET"]}}],"collection":[{"href":"https:\/\/eigirdas.com\/en\/wp-json\/wp\/v2\/product"}],"about":[{"href":"https:\/\/eigirdas.com\/en\/wp-json\/wp\/v2\/types\/product"}],"wp:featuredmedia":[{"embeddable":true,"href":"https:\/\/eigirdas.com\/en\/wp-json\/wp\/v2\/media\/332540"}],"wp:attachment":[{"href":"https:\/\/eigirdas.com\/en\/wp-json\/wp\/v2\/media?parent=332496"}],"wp:term":[{"taxonomy":"product_brand","embeddable":true,"href":"https:\/\/eigirdas.com\/en\/wp-json\/wp\/v2\/product_brand?post=332496"},{"taxonomy":"product_cat","embeddable":true,"href":"https:\/\/eigirdas.com\/en\/wp-json\/wp\/v2\/product_cat?post=332496"},{"taxonomy":"product_tag","embeddable":true,"href":"https:\/\/eigirdas.com\/en\/wp-json\/wp\/v2\/product_tag?post=332496"},{"taxonomy":"product_artist","embeddable":true,"href":"https:\/\/eigirdas.com\/en\/wp-json\/wp\/v2\/product_artist?post=332496"}],"curies":[{"name":"wp","href":"https:\/\/api.w.org\/{rel}","templated":true}]}}