{"id":332184,"date":"2025-02-14T11:00:41","date_gmt":"2025-02-14T11:00:41","guid":{"rendered":"https:\/\/eigirdas.com\/?post_type=product&#038;p=332184"},"modified":"2026-04-12T09:26:34","modified_gmt":"2026-04-12T09:26:34","slug":"pirates-of-the-caribbean","status":"publish","type":"product","link":"https:\/\/eigirdas.com\/en\/paintings\/pirates-of-the-caribbean\/","title":{"rendered":"Pirates of the Caribbean"},"content":{"rendered":"<p class=\"\">Artwork Pirates of the Caribbean, 2025 by Eigirdas Scinskas<\/p>\n<p class=\"\">Technique: acrylic paint, canvas<\/p>\n<p class=\"\">Size: 147 \u00d7 147cm<\/p>\n<p class=\"\">This is a unique, original artwork.<\/p>\n<p class=\"\">Signature Hand-signed by artist<\/p>\n<p class=\"\">Certificate of authenticity included<\/p>","protected":false},"excerpt":{"rendered":"<p>Paveikslas Pirates of the Caribbean, 2025 by Eigirdas Scinskas Technika: akriliniai da\u017eai, drob\u0117 Dydis: 147 \u00d7 147cm This is a unique, original artwork. Signature Hand-signed by artist Certificate of authenticity included<\/p>","protected":false},"featured_media":332344,"template":"","meta":{"_acf_changed":false},"product_brand":[],"product_cat":[33,50],"product_tag":[242,247],"product_artist":[],"class_list":{"0":"post-332184","1":"product","2":"type-product","3":"status-publish","4":"has-post-thumbnail","6":"product_cat-medium-100cm-150cm","7":"product_cat-jellyfish-paveikslai","8":"product_tag-available","9":"product_tag-privaciose-kolekcijose","11":"first","12":"instock","13":"shipping-taxable","14":"purchasable","15":"product-type-simple"},"acf":[],"_links":{"self":[{"href":"https:\/\/eigirdas.com\/en\/wp-json\/wp\/v2\/product\/332184","targetHints":{"allow":["GET"]}}],"collection":[{"href":"https:\/\/eigirdas.com\/en\/wp-json\/wp\/v2\/product"}],"about":[{"href":"https:\/\/eigirdas.com\/en\/wp-json\/wp\/v2\/types\/product"}],"wp:featuredmedia":[{"embeddable":true,"href":"https:\/\/eigirdas.com\/en\/wp-json\/wp\/v2\/media\/332344"}],"wp:attachment":[{"href":"https:\/\/eigirdas.com\/en\/wp-json\/wp\/v2\/media?parent=332184"}],"wp:term":[{"taxonomy":"product_brand","embeddable":true,"href":"https:\/\/eigirdas.com\/en\/wp-json\/wp\/v2\/product_brand?post=332184"},{"taxonomy":"product_cat","embeddable":true,"href":"https:\/\/eigirdas.com\/en\/wp-json\/wp\/v2\/product_cat?post=332184"},{"taxonomy":"product_tag","embeddable":true,"href":"https:\/\/eigirdas.com\/en\/wp-json\/wp\/v2\/product_tag?post=332184"},{"taxonomy":"product_artist","embeddable":true,"href":"https:\/\/eigirdas.com\/en\/wp-json\/wp\/v2\/product_artist?post=332184"}],"curies":[{"name":"wp","href":"https:\/\/api.w.org\/{rel}","templated":true}]}}