{"id":332178,"date":"2025-04-01T07:00:28","date_gmt":"2025-04-01T07:00:28","guid":{"rendered":"https:\/\/eigirdas.com\/?post_type=product&#038;p=332178"},"modified":"2026-04-12T09:26:34","modified_gmt":"2026-04-12T09:26:34","slug":"vidinio-resurso-spalva-upe%cc%87s-tekme%cc%87","status":"publish","type":"product","link":"https:\/\/eigirdas.com\/en\/paintings\/vidinio-resurso-spalva-upe%cc%87s-tekme%cc%87\/","title":{"rendered":"Upe\u0307s tekme\u0307"},"content":{"rendered":"<p class=\"\">Paveikslas Upe\u0307s tekme\u0307<\/p>\n<p class=\"\"><em data-start=\"894\" data-end=\"905\">Technika:<\/em> aliejiniai da\u017eai, drob\u0117<br data-start=\"929\" data-end=\"932\" \/><em data-start=\"932\" data-end=\"940\">Dydis:<\/em> 140 \u00d7 130 cm<br data-start=\"953\" data-end=\"956\" \/><em data-start=\"956\" data-end=\"964\">Metai:<\/em> 2025<\/p>\n<p>\u0160is paveikslas tyrin\u0117ja \u017emogaus vidin\u0119 harmonij\u0105 ir emocij\u0173 t\u0117km\u0119, kuri\u0105 simbolizuoja up\u0117s jud\u0117jimas. Paveiksle Up\u0117s t\u0117km\u0117 up\u0117 tai vidinio gyvenimo srautas, emocij\u0173 kaita, jausm\u0173 t\u0117km\u0117. Spalvin\u0117 paveikslo kompozicija subtiliai perteikia skirtingas emocines b\u016bsenas.<\/p>\n<p>Paveikslas i\u0161 serijos Vidinio resurso spalva kurioje tyrin\u0117ju \u017emogaus emocini\u0173 b\u016bsen\u0173 \u012fvairov\u0119, j\u0173 kait\u0105 ir vidin\u0117s pusiausvyros paie\u0161kas. Mane domina kaip mes kaupiame vidinius resursus, kaip i\u0161 j\u0173 semiam\u0117s j\u0117gos, kaip emocijos veikia m\u016bs\u0173 savijaut\u0105 ir priimamus sprendimus. Tikiu, kad meno kalba gali pad\u0117ti priart\u0117ti prie sav\u0119s. Man svarbu kalb\u0117ti apie tai, kas da\u017enai lieka nematoma &#8211; vidin\u012f \u017emogaus pasaul\u012f, jausm\u0173 t\u0117km\u0119, nuotaik\u0173 sluoksnius, kurie daro \u012ftak\u0105 m\u016bs\u0173 santykiui su savimi ir aplinka.<\/p>","protected":false},"excerpt":{"rendered":"<p>Paveikslas Upe\u0307s tekme\u0307 Technika: aliejiniai da\u017eai, drob\u0117Dydis: 140 \u00d7 130 cmMetai: 2025 \u0160is paveikslas tyrin\u0117ja \u017emogaus vidin\u0119 harmonij\u0105 ir emocij\u0173 t\u0117km\u0119, kuri\u0105 simbolizuoja up\u0117s jud\u0117jimas. Paveiksle Up\u0117s t\u0117km\u0117 up\u0117 tai vidinio gyvenimo srautas, emocij\u0173 kaita, jausm\u0173 t\u0117km\u0117. Spalvin\u0117 paveikslo kompozicija subtiliai perteikia skirtingas emocines b\u016bsenas. Paveikslas i\u0161 serijos Vidinio resurso spalva kurioje tyrin\u0117ju \u017emogaus emocini\u0173 [&hellip;]<\/p>\n","protected":false},"featured_media":332260,"template":"","meta":{"_acf_changed":false},"product_brand":[],"product_cat":[33,58],"product_tag":[242,247],"product_artist":[],"class_list":{"0":"post-332178","1":"product","2":"type-product","3":"status-publish","4":"has-post-thumbnail","6":"product_cat-medium-100cm-150cm","7":"product_cat-calm-series","8":"product_tag-available","9":"product_tag-privaciose-kolekcijose","11":"first","12":"instock","13":"shipping-taxable","14":"purchasable","15":"product-type-simple"},"acf":[],"_links":{"self":[{"href":"https:\/\/eigirdas.com\/en\/wp-json\/wp\/v2\/product\/332178","targetHints":{"allow":["GET"]}}],"collection":[{"href":"https:\/\/eigirdas.com\/en\/wp-json\/wp\/v2\/product"}],"about":[{"href":"https:\/\/eigirdas.com\/en\/wp-json\/wp\/v2\/types\/product"}],"wp:featuredmedia":[{"embeddable":true,"href":"https:\/\/eigirdas.com\/en\/wp-json\/wp\/v2\/media\/332260"}],"wp:attachment":[{"href":"https:\/\/eigirdas.com\/en\/wp-json\/wp\/v2\/media?parent=332178"}],"wp:term":[{"taxonomy":"product_brand","embeddable":true,"href":"https:\/\/eigirdas.com\/en\/wp-json\/wp\/v2\/product_brand?post=332178"},{"taxonomy":"product_cat","embeddable":true,"href":"https:\/\/eigirdas.com\/en\/wp-json\/wp\/v2\/product_cat?post=332178"},{"taxonomy":"product_tag","embeddable":true,"href":"https:\/\/eigirdas.com\/en\/wp-json\/wp\/v2\/product_tag?post=332178"},{"taxonomy":"product_artist","embeddable":true,"href":"https:\/\/eigirdas.com\/en\/wp-json\/wp\/v2\/product_artist?post=332178"}],"curies":[{"name":"wp","href":"https:\/\/api.w.org\/{rel}","templated":true}]}}