{"id":332093,"date":"2025-03-14T09:26:56","date_gmt":"2025-03-14T09:26:56","guid":{"rendered":"https:\/\/eigirdas.com\/?post_type=product&#038;p=332093"},"modified":"2026-04-12T09:26:34","modified_gmt":"2026-04-12T09:26:34","slug":"invisible-island","status":"publish","type":"product","link":"https:\/\/eigirdas.com\/en\/paintings\/invisible-island\/","title":{"rendered":"Invisible island"},"content":{"rendered":"<p class=\"\">Painting Invisible island, 2025 by Eigirdas Scinskas<\/p>\n<p class=\"\">Technique: oil and acrylic paints, canvas<\/p>\n<p class=\"\">Size: 147 \u00d7 147cm<\/p>\n<p class=\"\">This is a unique, original artwork.<\/p>\n<p class=\"\">Signature Hand-signed by artist<\/p>\n<p class=\"\">Certificate of authenticity included<\/p>","protected":false},"excerpt":{"rendered":"<p>Paveikslas Invisible island, 2025 by Eigirdas Scinskas Technika: aliejiniai ir akriliniai da\u017eai, drob\u0117 Dydis: 147 \u00d7 147cm This is a unique, original artwork. Signature Hand-signed by artist Certificate of authenticity included<\/p>","protected":false},"featured_media":332094,"template":"","meta":{"_acf_changed":false},"product_brand":[],"product_cat":[33,58,60],"product_tag":[242,247],"product_artist":[],"class_list":{"0":"post-332093","1":"product","2":"type-product","3":"status-publish","4":"has-post-thumbnail","6":"product_cat-medium-100cm-150cm","7":"product_cat-calm-series","8":"product_cat-other-paintings","9":"product_tag-available","10":"product_tag-privaciose-kolekcijose","12":"first","13":"instock","14":"shipping-taxable","15":"purchasable","16":"product-type-simple"},"acf":[],"_links":{"self":[{"href":"https:\/\/eigirdas.com\/en\/wp-json\/wp\/v2\/product\/332093","targetHints":{"allow":["GET"]}}],"collection":[{"href":"https:\/\/eigirdas.com\/en\/wp-json\/wp\/v2\/product"}],"about":[{"href":"https:\/\/eigirdas.com\/en\/wp-json\/wp\/v2\/types\/product"}],"wp:featuredmedia":[{"embeddable":true,"href":"https:\/\/eigirdas.com\/en\/wp-json\/wp\/v2\/media\/332094"}],"wp:attachment":[{"href":"https:\/\/eigirdas.com\/en\/wp-json\/wp\/v2\/media?parent=332093"}],"wp:term":[{"taxonomy":"product_brand","embeddable":true,"href":"https:\/\/eigirdas.com\/en\/wp-json\/wp\/v2\/product_brand?post=332093"},{"taxonomy":"product_cat","embeddable":true,"href":"https:\/\/eigirdas.com\/en\/wp-json\/wp\/v2\/product_cat?post=332093"},{"taxonomy":"product_tag","embeddable":true,"href":"https:\/\/eigirdas.com\/en\/wp-json\/wp\/v2\/product_tag?post=332093"},{"taxonomy":"product_artist","embeddable":true,"href":"https:\/\/eigirdas.com\/en\/wp-json\/wp\/v2\/product_artist?post=332093"}],"curies":[{"name":"wp","href":"https:\/\/api.w.org\/{rel}","templated":true}]}}