{"id":332073,"date":"2025-06-14T09:14:25","date_gmt":"2025-06-14T09:14:25","guid":{"rendered":"https:\/\/eigirdas.com\/?post_type=product&#038;p=332073"},"modified":"2026-04-12T09:20:28","modified_gmt":"2026-04-12T09:20:28","slug":"lava-the-dance","status":"publish","type":"product","link":"https:\/\/eigirdas.com\/en\/paintings\/lava-the-dance\/","title":{"rendered":"Lava - the dance"},"content":{"rendered":"<p class=\"\">Painting Lava - the dance, 2025 by Eigirdas Scinskas<\/p>\n<p class=\"\">Technique: oil and acrylic paints, canvas<\/p>\n<p class=\"\">Size: 147 \u00d7 147cm<\/p>\n<p class=\"\">This is a unique, original artwork.<\/p>\n<p class=\"\">Signature Hand-signed by artist<\/p>\n<p class=\"\">Certificate of authenticity included<\/p>","protected":false},"excerpt":{"rendered":"<p>Paveikslas Lava &#8211; the dance, 2025 by Eigirdas Scinskas Technika: aliejiniai ir akriliniai da\u017eai, drob\u0117 Dydis: 147 \u00d7 147cm This is a unique, original artwork. Signature Hand-signed by artist Certificate of authenticity included<\/p>","protected":false},"featured_media":332074,"template":"","meta":{"_acf_changed":false},"product_brand":[],"product_cat":[34,60],"product_tag":[248,243],"product_artist":[],"class_list":{"0":"post-332073","1":"product","2":"type-product","3":"status-publish","4":"has-post-thumbnail","6":"product_cat-large-150cm-300cm","7":"product_cat-other-paintings","8":"product_tag-ankstesnes-serijos","9":"product_tag-sold","11":"first","12":"outofstock","13":"shipping-taxable","14":"purchasable","15":"product-type-simple"},"acf":[],"_links":{"self":[{"href":"https:\/\/eigirdas.com\/en\/wp-json\/wp\/v2\/product\/332073","targetHints":{"allow":["GET"]}}],"collection":[{"href":"https:\/\/eigirdas.com\/en\/wp-json\/wp\/v2\/product"}],"about":[{"href":"https:\/\/eigirdas.com\/en\/wp-json\/wp\/v2\/types\/product"}],"wp:featuredmedia":[{"embeddable":true,"href":"https:\/\/eigirdas.com\/en\/wp-json\/wp\/v2\/media\/332074"}],"wp:attachment":[{"href":"https:\/\/eigirdas.com\/en\/wp-json\/wp\/v2\/media?parent=332073"}],"wp:term":[{"taxonomy":"product_brand","embeddable":true,"href":"https:\/\/eigirdas.com\/en\/wp-json\/wp\/v2\/product_brand?post=332073"},{"taxonomy":"product_cat","embeddable":true,"href":"https:\/\/eigirdas.com\/en\/wp-json\/wp\/v2\/product_cat?post=332073"},{"taxonomy":"product_tag","embeddable":true,"href":"https:\/\/eigirdas.com\/en\/wp-json\/wp\/v2\/product_tag?post=332073"},{"taxonomy":"product_artist","embeddable":true,"href":"https:\/\/eigirdas.com\/en\/wp-json\/wp\/v2\/product_artist?post=332073"}],"curies":[{"name":"wp","href":"https:\/\/api.w.org\/{rel}","templated":true}]}}