{"id":332048,"date":"2025-03-14T09:06:18","date_gmt":"2025-03-14T09:06:18","guid":{"rendered":"https:\/\/eigirdas.com\/?post_type=product&#038;p=332048"},"modified":"2026-04-12T09:16:01","modified_gmt":"2026-04-12T09:16:01","slug":"colors-of-palermo","status":"publish","type":"product","link":"https:\/\/eigirdas.com\/en\/paintings\/colors-of-palermo\/","title":{"rendered":"Colors of Palermo"},"content":{"rendered":"<p class=\"\">Painting Colors of Palermo, 2025 by Eigirdas Scinskas<\/p>\n<p class=\"\">Technique: oil and acrylic paints, canvas<\/p>\n<p class=\"\">Size: 140 \u00d7 200 cm<\/p>\n<p class=\"\">This is a unique, original artwork.<\/p>\n<p class=\"\">Signature Hand-signed by artist<\/p>\n<p class=\"\">Certificate of authenticity included<\/p>","protected":false},"excerpt":{"rendered":"<p>Paveikslas Colors of Palermo, 2025 by Eigirdas Scinskas Technika: aliejiniai ir akriliniai da\u017eai, drob\u0117 Dydis: 140 \u00d7 200 cm This is a unique, original artwork. Signature Hand-signed by artist Certificate of authenticity included<\/p>","protected":false},"featured_media":332049,"template":"","meta":{"_acf_changed":false},"product_brand":[],"product_cat":[34],"product_tag":[242],"product_artist":[],"class_list":{"0":"post-332048","1":"product","2":"type-product","3":"status-publish","4":"has-post-thumbnail","6":"product_cat-large-150cm-300cm","7":"product_tag-available","9":"first","10":"instock","11":"shipping-taxable","12":"purchasable","13":"product-type-simple"},"acf":[],"_links":{"self":[{"href":"https:\/\/eigirdas.com\/en\/wp-json\/wp\/v2\/product\/332048","targetHints":{"allow":["GET"]}}],"collection":[{"href":"https:\/\/eigirdas.com\/en\/wp-json\/wp\/v2\/product"}],"about":[{"href":"https:\/\/eigirdas.com\/en\/wp-json\/wp\/v2\/types\/product"}],"wp:featuredmedia":[{"embeddable":true,"href":"https:\/\/eigirdas.com\/en\/wp-json\/wp\/v2\/media\/332049"}],"wp:attachment":[{"href":"https:\/\/eigirdas.com\/en\/wp-json\/wp\/v2\/media?parent=332048"}],"wp:term":[{"taxonomy":"product_brand","embeddable":true,"href":"https:\/\/eigirdas.com\/en\/wp-json\/wp\/v2\/product_brand?post=332048"},{"taxonomy":"product_cat","embeddable":true,"href":"https:\/\/eigirdas.com\/en\/wp-json\/wp\/v2\/product_cat?post=332048"},{"taxonomy":"product_tag","embeddable":true,"href":"https:\/\/eigirdas.com\/en\/wp-json\/wp\/v2\/product_tag?post=332048"},{"taxonomy":"product_artist","embeddable":true,"href":"https:\/\/eigirdas.com\/en\/wp-json\/wp\/v2\/product_artist?post=332048"}],"curies":[{"name":"wp","href":"https:\/\/api.w.org\/{rel}","templated":true}]}}