{"id":193078,"date":"2022-11-02T16:32:27","date_gmt":"2022-11-02T16:32:27","guid":{"rendered":"https:\/\/www.eigirdas.com\/?post_type=product&#038;p=193078"},"modified":"2026-04-12T09:26:46","modified_gmt":"2026-04-12T09:26:46","slug":"dangaus-kunai-suartejimas","status":"publish","type":"product","link":"https:\/\/eigirdas.com\/en\/paintings\/dangaus-kunai-suartejimas\/","title":{"rendered":"Celestial Bodies - Convergence"},"content":{"rendered":"<p class=\"\">Painting Celestial Bodies - Convergence, 2022 by Eigirdas Scinskas<\/p>\n<p class=\"\">Mix media<\/p>\n<p class=\"\">size 147 \u00d7 140 cm<\/p>\n<p class=\"\">This is a unique, original artwork.<\/p>\n<p class=\"\">Signature Hand-signed by artist<\/p>\n<p class=\"\">Certificate of authenticity included<\/p>","protected":false},"excerpt":{"rendered":"<p>Paveikslas Dangaus k\u016bnai &#8211; Suart\u0117jimas, 2022 by Eigirdas Scinskas Mix media size 147 \u00d7 140 cm This is a unique, original artwork. Signature Hand-signed by artist Certificate of authenticity included<\/p>","protected":false},"featured_media":193114,"template":"","meta":{"_acf_changed":false},"product_brand":[],"product_cat":[27,33,51,52],"product_tag":[248,242,247,243],"product_artist":[],"class_list":{"0":"post-193078","1":"product","2":"type-product","3":"status-publish","4":"has-post-thumbnail","6":"product_cat-paintings","7":"product_cat-medium-100cm-150cm","8":"product_cat-silence-series","9":"product_cat-white-series","10":"product_tag-ankstesnes-serijos","11":"product_tag-available","12":"product_tag-privaciose-kolekcijose","13":"product_tag-sold","15":"first","16":"outofstock","17":"shipping-taxable","18":"purchasable","19":"product-type-simple"},"acf":[],"_links":{"self":[{"href":"https:\/\/eigirdas.com\/en\/wp-json\/wp\/v2\/product\/193078","targetHints":{"allow":["GET"]}}],"collection":[{"href":"https:\/\/eigirdas.com\/en\/wp-json\/wp\/v2\/product"}],"about":[{"href":"https:\/\/eigirdas.com\/en\/wp-json\/wp\/v2\/types\/product"}],"wp:featuredmedia":[{"embeddable":true,"href":"https:\/\/eigirdas.com\/en\/wp-json\/wp\/v2\/media\/193114"}],"wp:attachment":[{"href":"https:\/\/eigirdas.com\/en\/wp-json\/wp\/v2\/media?parent=193078"}],"wp:term":[{"taxonomy":"product_brand","embeddable":true,"href":"https:\/\/eigirdas.com\/en\/wp-json\/wp\/v2\/product_brand?post=193078"},{"taxonomy":"product_cat","embeddable":true,"href":"https:\/\/eigirdas.com\/en\/wp-json\/wp\/v2\/product_cat?post=193078"},{"taxonomy":"product_tag","embeddable":true,"href":"https:\/\/eigirdas.com\/en\/wp-json\/wp\/v2\/product_tag?post=193078"},{"taxonomy":"product_artist","embeddable":true,"href":"https:\/\/eigirdas.com\/en\/wp-json\/wp\/v2\/product_artist?post=193078"}],"curies":[{"name":"wp","href":"https:\/\/api.w.org\/{rel}","templated":true}]}}