{"id":232,"date":"2021-09-01T16:56:39","date_gmt":"2021-09-01T16:56:39","guid":{"rendered":"https:\/\/gesso.qodeinteractive.com\/?page_id=232"},"modified":"2026-04-24T17:10:29","modified_gmt":"2026-04-24T17:10:29","slug":"kontaktai","status":"publish","type":"page","link":"https:\/\/eigirdas.com\/en\/kontaktai\/","title":{"rendered":"Contact"},"content":{"rendered":"\t\t<div data-elementor-type=\"wp-page\" data-elementor-id=\"232\" class=\"elementor elementor-232\" data-elementor-post-type=\"page\">\n\t\t\t\t<div class=\"elementor-element elementor-element-b05ba73 e-con-full e-flex qodef-elementor-content-no e-con e-parent\" data-id=\"b05ba73\" data-element_type=\"container\" data-e-type=\"container\">\n\t\t\t\t<div class=\"elementor-element elementor-element-0a7b3b8 elementor-widget elementor-widget-google_maps\" data-id=\"0a7b3b8\" data-element_type=\"widget\" data-e-type=\"widget\" data-widget_type=\"google_maps.default\">\n\t\t\t\t<div class=\"elementor-widget-container\">\n\t\t\t\t\t\t\t<div class=\"elementor-custom-embed\">\n\t\t\t<iframe loading=\"lazy\"\n\t\t\t\t\tsrc=\"https:\/\/maps.google.com\/maps?q=%C5%BDygimant%C5%B3%20g.%2012%2C%20Vilnius&#038;t=m&#038;z=15&#038;output=embed&#038;iwloc=near\"\n\t\t\t\t\ttitle=\"\u017dygimant\u0173 g. 12, Vilnius\"\n\t\t\t\t\taria-label=\"\u017dygimant\u0173 g. 12, Vilnius\"\n\t\t\t><\/iframe>\n\t\t<\/div>\n\t\t\t\t\t\t<\/div>\n\t\t\t\t<\/div>\n\t\t\t\t<\/div>\n\t\t\t\t<section class=\"elementor-section elementor-top-section elementor-element elementor-element-287a4ca elementor-section-full_width qodef-elementor-content-grid elementor-section-height-default elementor-section-height-default\" data-id=\"287a4ca\" data-element_type=\"section\" data-e-type=\"section\">\n\t\t\t\t\t\t<div class=\"elementor-container elementor-column-gap-default\">\n\t\t\t\t\t<div class=\"elementor-column elementor-col-50 elementor-top-column elementor-element elementor-element-b8d9dc8\" data-id=\"b8d9dc8\" data-element_type=\"column\" data-e-type=\"column\">\n\t\t\t<div class=\"elementor-widget-wrap elementor-element-populated\">\n\t\t\t\t\t\t<div class=\"elementor-element elementor-element-88710ca elementor-widget__width-initial elementor-widget elementor-widget-gesso_core_custom_font\" data-id=\"88710ca\" data-element_type=\"widget\" data-e-type=\"widget\" data-widget_type=\"gesso_core_custom_font.default\">\n\t\t\t\t<div class=\"elementor-widget-container\">\n\t\t\t\t\t<h2 class=\"qodef-shortcode qodef-m qodef-custom-font qodef-custom-font-769 qodef-layout--simple\" >EIGIRDAS SCINSKAS\ngalerija<\/h2>\n\t\t\t\t<\/div>\n\t\t\t\t<\/div>\n\t\t\t\t<div class=\"elementor-element elementor-element-4873026 elementor-widget elementor-widget-text-editor\" data-id=\"4873026\" data-element_type=\"widget\" data-e-type=\"widget\" data-widget_type=\"text-editor.default\">\n\t\t\t\t<div class=\"elementor-widget-container\">\n\t\t\t\t\t\t\t\t\t<h4 class=\"qodef-underline\">\u017dygimant\u0173 g. 12, LT-01102, Vilnius<\/h4>\t\t\t\t\t\t\t\t<\/div>\n\t\t\t\t<\/div>\n\t\t\t\t<div class=\"elementor-element elementor-element-dbeaa36 elementor-widget elementor-widget-text-editor\" data-id=\"dbeaa36\" data-element_type=\"widget\" data-e-type=\"widget\" data-widget_type=\"text-editor.default\">\n\t\t\t\t<div class=\"elementor-widget-container\">\n\t\t\t\t\t\t\t\t\t<h4 class=\"qodef-underline\"><a href=\"tel:37060100058\">+370 (601) 00058<\/a><\/h4>\t\t\t\t\t\t\t\t<\/div>\n\t\t\t\t<\/div>\n\t\t\t\t<div class=\"elementor-element elementor-element-6c8ffb4 elementor-widget elementor-widget-text-editor\" data-id=\"6c8ffb4\" data-element_type=\"widget\" data-e-type=\"widget\" data-widget_type=\"text-editor.default\">\n\t\t\t\t<div class=\"elementor-widget-container\">\n\t\t\t\t\t\t\t\t\t<h4 class=\"qodef-underline\"><a href=\"mailto:info@eigirdas.com\">info@eigirdas.com<\/a><\/h4>\t\t\t\t\t\t\t\t<\/div>\n\t\t\t\t<\/div>\n\t\t\t\t<div class=\"elementor-element elementor-element-25919e4 elementor-shape-rounded elementor-grid-0 e-grid-align-center elementor-widget elementor-widget-social-icons\" data-id=\"25919e4\" data-element_type=\"widget\" data-e-type=\"widget\" data-widget_type=\"social-icons.default\">\n\t\t\t\t<div class=\"elementor-widget-container\">\n\t\t\t\t\t\t\t<div class=\"elementor-social-icons-wrapper elementor-grid\" role=\"list\">\n\t\t\t\t\t\t\t<span class=\"elementor-grid-item\" role=\"listitem\">\n\t\t\t\t\t<a class=\"elementor-icon elementor-social-icon elementor-social-icon-facebook elementor-repeater-item-c8b3423\" href=\"https:\/\/www.facebook.com\/eigirdasscinskasart\" target=\"_blank\" rel=\"noopener\">\n\t\t\t\t\t\t<span class=\"elementor-screen-only\">Facebook<\/span>\n\t\t\t\t\t\t<i aria-hidden=\"true\" class=\"fab fa-facebook\"><\/i>\t\t\t\t\t<\/a>\n\t\t\t\t<\/span>\n\t\t\t\t\t\t\t<span class=\"elementor-grid-item\" role=\"listitem\">\n\t\t\t\t\t<a class=\"elementor-icon elementor-social-icon elementor-social-icon-instagram elementor-repeater-item-8416cee\" href=\"https:\/\/www.instagram.com\/eigirdasscinskas_art\/\" target=\"_blank\" rel=\"noopener\">\n\t\t\t\t\t\t<span class=\"elementor-screen-only\">Instagram<\/span>\n\t\t\t\t\t\t<i aria-hidden=\"true\" class=\"fab fa-instagram\"><\/i>\t\t\t\t\t<\/a>\n\t\t\t\t<\/span>\n\t\t\t\t\t\t\t<span class=\"elementor-grid-item\" role=\"listitem\">\n\t\t\t\t\t<a class=\"elementor-icon elementor-social-icon elementor-social-icon-linkedin elementor-repeater-item-3a6f307\" href=\"https:\/\/www.linkedin.com\/in\/eigirdasscinskas\/\" target=\"_blank\" rel=\"noopener\">\n\t\t\t\t\t\t<span class=\"elementor-screen-only\">Linkedin<\/span>\n\t\t\t\t\t\t<i aria-hidden=\"true\" class=\"fab fa-linkedin\"><\/i>\t\t\t\t\t<\/a>\n\t\t\t\t<\/span>\n\t\t\t\t\t<\/div>\n\t\t\t\t\t\t<\/div>\n\t\t\t\t<\/div>\n\t\t\t\t\t<\/div>\n\t\t<\/div>\n\t\t\t\t<div class=\"elementor-column elementor-col-50 elementor-top-column elementor-element elementor-element-e76b053\" data-id=\"e76b053\" data-element_type=\"column\" data-e-type=\"column\">\n\t\t\t<div class=\"elementor-widget-wrap elementor-element-populated\">\n\t\t\t\t\t\t<div class=\"elementor-element elementor-element-67166d2 elementor-widget elementor-widget-gesso_core_custom_font\" data-id=\"67166d2\" data-element_type=\"widget\" data-e-type=\"widget\" data-widget_type=\"gesso_core_custom_font.default\">\n\t\t\t\t<div class=\"elementor-widget-container\">\n\t\t\t\t\t<h2 class=\"qodef-shortcode qodef-m qodef-custom-font qodef-custom-font-713 qodef-layout--simple\" >Para\u0161ykite mums<\/h2>\n\t\t\t\t<\/div>\n\t\t\t\t<\/div>\n\t\t\t\t<div class=\"elementor-element elementor-element-67edd81 elementor-widget elementor-widget-shortcode\" data-id=\"67edd81\" data-element_type=\"widget\" data-e-type=\"widget\" data-widget_type=\"shortcode.default\">\n\t\t\t\t<div class=\"elementor-widget-container\">\n\t\t\t\t\t\t\t<div class=\"elementor-shortcode\"><style id=\"wpforms-css-vars-333852\">\n\t\t\t\t#wpforms-333852 {\n\t\t\t\t--wpforms-field-border-color: rgba(0, 0, 0, 0.25);\n--wpforms-field-border-color-spare: rgba(0, 0, 0, 0.25);\n--wpforms-field-text-color: rgba(0, 0, 0, 0.7);\n--wpforms-label-color: rgba(0, 0, 0, 0.85);\n--wpforms-label-sublabel-color: rgba(0, 0, 0, 0.55);\n--wpforms-button-background-color: #034C8E;\n--wpforms-container-padding: 0px;\n--wpforms-container-border-width: 1px;\n--wpforms-container-border-radius: 3px;\n--wpforms-background-color: rgba(0, 0, 0, 0);\n--wpforms-field-size-input-height: 43px;\n--wpforms-field-size-input-spacing: 15px;\n--wpforms-field-size-font-size: 16px;\n--wpforms-field-size-line-height: 19px;\n--wpforms-field-size-padding-h: 14px;\n--wpforms-field-size-checkbox-size: 16px;\n--wpforms-field-size-sublabel-spacing: 5px;\n--wpforms-field-size-icon-size: 1;\n--wpforms-label-size-font-size: 16px;\n--wpforms-label-size-line-height: 19px;\n--wpforms-label-size-sublabel-font-size: 14px;\n--wpforms-label-size-sublabel-line-height: 17px;\n--wpforms-button-size-font-size: 17px;\n--wpforms-button-size-height: 41px;\n--wpforms-button-size-padding-h: 15px;\n--wpforms-button-size-margin-top: 10px;\n--wpforms-container-shadow-size-box-shadow: none;\n\t\t\t}\n\t\t\t<\/style><div class=\"wpforms-container wpforms-container-full wpforms-render-modern\" id=\"wpforms-333852\"><form id=\"wpforms-form-333852\" class=\"wpforms-validate wpforms-form wpforms-ajax-form\" data-formid=\"333852\" method=\"post\" enctype=\"multipart\/form-data\" action=\"\/en\/wp-json\/wp\/v2\/pages\/232\" data-token=\"4486909cc1fb297fc0dbc3239d8b54de\" data-token-time=\"1777482790\"><noscript class=\"wpforms-error-noscript\">Please enable JavaScript in your browser to complete this form.<\/noscript><div id=\"wpforms-error-noscript\" style=\"display: none;\">Please enable JavaScript in your browser to complete this form.<\/div><div class=\"wpforms-field-container\"><div id=\"wpforms-333852-field_1-container\" class=\"wpforms-field wpforms-field-name\" data-field-id=\"1\"><label class=\"wpforms-field-label\" for=\"wpforms-333852-field_1\">  <span class=\"wpforms-required-label\" aria-hidden=\"true\">*<\/span><\/label><input type=\"text\" id=\"wpforms-333852-field_1\" class=\"wpforms-field-medium wpforms-field-required\" name=\"wpforms[fields][1]\" placeholder=\"J\u016bs\u0173 vardas\" aria-errormessage=\"wpforms-333852-field_1-error\" required><\/div><div id=\"wpforms-333852-field_2-container\" class=\"wpforms-field wpforms-field-email\" data-field-id=\"2\"><label class=\"wpforms-field-label\" for=\"wpforms-333852-field_2\">  <span class=\"wpforms-required-label\" aria-hidden=\"true\">*<\/span><\/label><input type=\"email\" id=\"wpforms-333852-field_2\" class=\"wpforms-field-medium wpforms-field-required\" name=\"wpforms[fields][2]\" placeholder=\"J\u016bs\u0173 el. pa\u0161tas\" spellcheck=\"false\" aria-errormessage=\"wpforms-333852-field_2-error\" required><\/div><div id=\"wpforms-333852-field_4-container\" class=\"wpforms-field wpforms-field-email\" data-field-id=\"4\"><label class=\"wpforms-field-label\" for=\"wpforms-333852-field_4\"> <\/label><input type=\"email\" id=\"wpforms-333852-field_4\" class=\"wpforms-field-medium\" name=\"wpforms[fields][4]\" placeholder=\"Tel. nr. (neb\u016btina)\" spellcheck=\"false\" aria-errormessage=\"wpforms-333852-field_4-error\" ><\/div>\t\t<div id=\"wpforms-333852-field_5-container\"\n\t\t\tclass=\"wpforms-field wpforms-field-text\"\n\t\t\tdata-field-type=\"text\"\n\t\t\tdata-field-id=\"5\"\n\t\t\t>\n\t\t\t<label class=\"wpforms-field-label\" for=\"wpforms-333852-field_5\" >  <\/label>\n\t\t\t<input type=\"text\" id=\"wpforms-333852-field_5\" class=\"wpforms-field-medium\" name=\"wpforms[fields][5]\" >\n\t\t<\/div>\n\t\t<div id=\"wpforms-333852-field_3-container\" class=\"wpforms-field wpforms-field-textarea\" data-field-id=\"3\"><label class=\"wpforms-field-label\" for=\"wpforms-333852-field_3\">  <span class=\"wpforms-required-label\" aria-hidden=\"true\">*<\/span><\/label><textarea id=\"wpforms-333852-field_3\" class=\"wpforms-field-medium wpforms-field-required\" name=\"wpforms[fields][3]\" placeholder=\"\u017dinut\u0117\" aria-errormessage=\"wpforms-333852-field_3-error\" required><\/textarea><\/div><script>\n\t\t\t\t( function() {\n\t\t\t\t\tconst style = document.createElement( 'style' );\n\t\t\t\t\tstyle.appendChild( document.createTextNode( '#wpforms-333852-field_5-container { position: absolute !important; overflow: hidden !important; display: inline !important; height: 1px !important; width: 1px !important; z-index: -1000 !important; padding: 0 !important; } #wpforms-333852-field_5-container input { visibility: hidden; } #wpforms-conversational-form-page #wpforms-333852-field_5-container label { counter-increment: none; }' ) );\n\t\t\t\t\tdocument.head.appendChild( style );\n\t\t\t\t\tdocument.currentScript?.remove();\n\t\t\t\t} )();\n\t\t\t<\/script><\/div><!-- .wpforms-field-container --><div class=\"wpforms-submit-container\" ><input type=\"hidden\" name=\"wpforms[id]\" value=\"333852\"><input type=\"hidden\" name=\"page_title\" value=\"\"><input type=\"hidden\" name=\"page_url\" value=\"https:\/\/eigirdas.com\/en\/wp-json\/wp\/v2\/pages\/232\"><input type=\"hidden\" name=\"url_referer\" value=\"\"><button type=\"submit\" name=\"wpforms[submit]\" id=\"wpforms-submit-333852\" class=\"wpforms-submit\" data-alt-text=\"Siun\u010diama...\" data-submit-text=\"Si\u0173sti\" aria-live=\"assertive\" value=\"wpforms-submit\">Si\u0173sti<\/button><img loading=\"lazy\" decoding=\"async\" src=\"https:\/\/eigirdas.com\/wp-content\/plugins\/wpforms-lite\/assets\/images\/submit-spin.svg\" class=\"wpforms-submit-spinner\" style=\"display: none;\" width=\"26\" height=\"26\" alt=\"Loading\"><\/div><\/form><\/div>  <!-- .wpforms-container --><\/div>\n\t\t\t\t\t\t<\/div>\n\t\t\t\t<\/div>\n\t\t\t\t\t<\/div>\n\t\t<\/div>\n\t\t\t\t\t<\/div>\n\t\t<\/section>\n\t\t<div class=\"elementor-element elementor-element-5873ed9 e-flex e-con-boxed qodef-elementor-content-no e-con e-parent\" data-id=\"5873ed9\" data-element_type=\"container\" data-e-type=\"container\">\n\t\t\t\t\t<div class=\"e-con-inner\">\n\t\t\t\t<div class=\"elementor-element elementor-element-25ec44a elementor-widget elementor-widget-qi_addons_for_elementor_image_gallery_masonry\" data-id=\"25ec44a\" data-element_type=\"widget\" data-e-type=\"widget\" data-widget_type=\"qi_addons_for_elementor_image_gallery_masonry.default\">\n\t\t\t\t<div class=\"elementor-widget-container\">\n\t\t\t\t\t<div class=\"qodef-shortcode qodef-m qodef-qi-image-gallery-masonry qodef-qi-fslightbox-popup qodef-popup-gallery qodef-image--hover-zoom qodef-qi-grid qodef-layout--qi-masonry qodef-items--fixed qodef-col-num--3 qodef-responsive--predefined\">\n\t<div class=\"qodef-grid-inner\">\n\t\t\t<div class=\"qodef-qi-grid-masonry-sizer\"><\/div>\n<div class=\"qodef-e qodef-image-wrapper qodef-grid-item qodef-item--square\">\n\t<div class=\"qodef-e-inner\">\n\t\t\t\t\t<a class=\"qodef-popup-item\" itemprop=\"image\" href=\"https:\/\/eigirdas.com\/wp-content\/uploads\/2025\/11\/IMG_5759.jpg\" data-type=\"image\" data-fslightbox=\"gallery-1\">\n\t\t\t\t\t<img loading=\"lazy\" decoding=\"async\" width=\"650\" height=\"488\" src=\"https:\/\/eigirdas.com\/wp-content\/uploads\/2025\/11\/IMG_5759.jpg\" class=\"attachment-qi_addons_for_elementor_image_size_square size-qi_addons_for_elementor_image_size_square\" alt=\"\" srcset=\"https:\/\/eigirdas.com\/wp-content\/uploads\/2025\/11\/IMG_5759.jpg 1600w, https:\/\/eigirdas.com\/wp-content\/uploads\/2025\/11\/IMG_5759-1280x960.jpg 1280w, https:\/\/eigirdas.com\/wp-content\/uploads\/2025\/11\/IMG_5759-64x48.jpg 64w, https:\/\/eigirdas.com\/wp-content\/uploads\/2025\/11\/IMG_5759-300x225.jpg 300w, https:\/\/eigirdas.com\/wp-content\/uploads\/2025\/11\/IMG_5759-1024x768.jpg 1024w, https:\/\/eigirdas.com\/wp-content\/uploads\/2025\/11\/IMG_5759-768x576.jpg 768w, https:\/\/eigirdas.com\/wp-content\/uploads\/2025\/11\/IMG_5759-1536x1152.jpg 1536w\" sizes=\"auto, (max-width: 650px) 100vw, 650px\">\t\t\t\t\t<\/a>\n\t\t\t<\/div>\n<\/div>\n<div class=\"qodef-e qodef-image-wrapper qodef-grid-item qodef-item--square\">\n\t<div class=\"qodef-e-inner\">\n\t\t\t\t\t<a class=\"qodef-popup-item\" itemprop=\"image\" href=\"https:\/\/eigirdas.com\/wp-content\/uploads\/2025\/08\/eigirdas_scinskas_abstract_art_IMG_7779_web.webp\" data-type=\"image\" data-fslightbox=\"gallery-1\">\n\t\t\t\t\t<img loading=\"lazy\" decoding=\"async\" width=\"650\" height=\"433\" src=\"https:\/\/eigirdas.com\/wp-content\/uploads\/2025\/08\/eigirdas_scinskas_abstract_art_IMG_7779_web.webp\" class=\"attachment-qi_addons_for_elementor_image_size_square size-qi_addons_for_elementor_image_size_square\" alt=\"\" srcset=\"https:\/\/eigirdas.com\/wp-content\/uploads\/2025\/08\/eigirdas_scinskas_abstract_art_IMG_7779_web.webp 1920w, https:\/\/eigirdas.com\/wp-content\/uploads\/2025\/08\/eigirdas_scinskas_abstract_art_IMG_7779_web-1280x853.webp 1280w, https:\/\/eigirdas.com\/wp-content\/uploads\/2025\/08\/eigirdas_scinskas_abstract_art_IMG_7779_web-64x43.webp 64w, https:\/\/eigirdas.com\/wp-content\/uploads\/2025\/08\/eigirdas_scinskas_abstract_art_IMG_7779_web-300x200.webp 300w, https:\/\/eigirdas.com\/wp-content\/uploads\/2025\/08\/eigirdas_scinskas_abstract_art_IMG_7779_web-1024x683.webp 1024w, https:\/\/eigirdas.com\/wp-content\/uploads\/2025\/08\/eigirdas_scinskas_abstract_art_IMG_7779_web-768x512.webp 768w, https:\/\/eigirdas.com\/wp-content\/uploads\/2025\/08\/eigirdas_scinskas_abstract_art_IMG_7779_web-1536x1024.webp 1536w, https:\/\/eigirdas.com\/wp-content\/uploads\/2025\/08\/eigirdas_scinskas_abstract_art_IMG_7779_web-18x12.webp 18w\" sizes=\"auto, (max-width: 650px) 100vw, 650px\">\t\t\t\t\t<\/a>\n\t\t\t<\/div>\n<\/div>\n<div class=\"qodef-e qodef-image-wrapper qodef-grid-item qodef-item--square\">\n\t<div class=\"qodef-e-inner\">\n\t\t\t\t\t<a class=\"qodef-popup-item\" itemprop=\"image\" href=\"https:\/\/eigirdas.com\/wp-content\/uploads\/2025\/11\/IMG_4584.jpg\" data-type=\"image\" data-fslightbox=\"gallery-1\">\n\t\t\t\t\t<img loading=\"lazy\" decoding=\"async\" width=\"650\" height=\"650\" src=\"https:\/\/eigirdas.com\/wp-content\/uploads\/2025\/11\/IMG_4584.jpg\" class=\"attachment-qi_addons_for_elementor_image_size_square size-qi_addons_for_elementor_image_size_square\" alt=\"\" srcset=\"https:\/\/eigirdas.com\/wp-content\/uploads\/2025\/11\/IMG_4584.jpg 1600w, https:\/\/eigirdas.com\/wp-content\/uploads\/2025\/11\/IMG_4584-500x500.jpg 500w, https:\/\/eigirdas.com\/wp-content\/uploads\/2025\/11\/IMG_4584-100x100.jpg 100w, https:\/\/eigirdas.com\/wp-content\/uploads\/2025\/11\/IMG_4584-1280x1280.jpg 1280w, https:\/\/eigirdas.com\/wp-content\/uploads\/2025\/11\/IMG_4584-64x64.jpg 64w, https:\/\/eigirdas.com\/wp-content\/uploads\/2025\/11\/IMG_4584-300x300.jpg 300w, https:\/\/eigirdas.com\/wp-content\/uploads\/2025\/11\/IMG_4584-1024x1024.jpg 1024w, https:\/\/eigirdas.com\/wp-content\/uploads\/2025\/11\/IMG_4584-150x150.jpg 150w, https:\/\/eigirdas.com\/wp-content\/uploads\/2025\/11\/IMG_4584-768x768.jpg 768w, https:\/\/eigirdas.com\/wp-content\/uploads\/2025\/11\/IMG_4584-1536x1536.jpg 1536w\" sizes=\"auto, (max-width: 650px) 100vw, 650px\">\t\t\t\t\t<\/a>\n\t\t\t<\/div>\n<\/div>\n\t<\/div>\n<\/div>\n\t\t\t\t<\/div>\n\t\t\t\t<\/div>\n\t\t\t\t\t<\/div>\n\t\t\t\t<\/div>\n\t\t\t\t<\/div>\n\t\t","protected":false},"excerpt":{"rendered":"<p>EIGIRDAS SCINSKAS galerija \u017dygimant\u0173 g. 12, LT-01102, Vilnius +370 (601) 00058 info@eigirdas.com Facebook Instagram Linkedin Para\u0161ykite mums<\/p>","protected":false},"author":7,"featured_media":0,"parent":0,"menu_order":0,"comment_status":"closed","ping_status":"closed","template":"page-full-width.php","meta":{"_acf_changed":false,"footnotes":""},"class_list":["post-232","page","type-page","status-publish","hentry"],"acf":[],"_links":{"self":[{"href":"https:\/\/eigirdas.com\/en\/wp-json\/wp\/v2\/pages\/232","targetHints":{"allow":["GET"]}}],"collection":[{"href":"https:\/\/eigirdas.com\/en\/wp-json\/wp\/v2\/pages"}],"about":[{"href":"https:\/\/eigirdas.com\/en\/wp-json\/wp\/v2\/types\/page"}],"author":[{"embeddable":true,"href":"https:\/\/eigirdas.com\/en\/wp-json\/wp\/v2\/users\/7"}],"replies":[{"embeddable":true,"href":"https:\/\/eigirdas.com\/en\/wp-json\/wp\/v2\/comments?post=232"}],"version-history":[{"count":22,"href":"https:\/\/eigirdas.com\/en\/wp-json\/wp\/v2\/pages\/232\/revisions"}],"predecessor-version":[{"id":334064,"href":"https:\/\/eigirdas.com\/en\/wp-json\/wp\/v2\/pages\/232\/revisions\/334064"}],"wp:attachment":[{"href":"https:\/\/eigirdas.com\/en\/wp-json\/wp\/v2\/media?parent=232"}],"curies":[{"name":"wp","href":"https:\/\/api.w.org\/{rel}","templated":true}]}}