{"id":129549,"date":"2022-03-27T04:36:45","date_gmt":"2022-03-27T04:36:45","guid":{"rendered":"https:\/\/www.eigirdas.com\/?page_id=129549"},"modified":"2026-04-03T14:09:04","modified_gmt":"2026-04-03T14:09:04","slug":"abstraktus-menas","status":"publish","type":"page","link":"https:\/\/eigirdas.com\/en\/abstraktus-menas\/","title":{"rendered":"ABSTRACT ART"},"content":{"rendered":"<div data-elementor-type=\"wp-page\" data-elementor-id=\"129549\" class=\"elementor elementor-129549\" data-elementor-post-type=\"page\">\n\t\t\t\t<div class=\"elementor-element elementor-element-94939d6 e-flex e-con-boxed qodef-elementor-content-no e-con e-parent\" data-id=\"94939d6\" data-element_type=\"container\" data-e-type=\"container\">\n\t\t\t\t\t<div class=\"e-con-inner\">\n\t\t<div class=\"elementor-element elementor-element-484901d e-con-full e-flex qodef-elementor-content-no e-con e-child\" data-id=\"484901d\" data-element_type=\"container\" data-e-type=\"container\">\n\t\t\t\t<div class=\"elementor-element elementor-element-f103465 elementor-widget elementor-widget-heading\" data-id=\"f103465\" data-element_type=\"widget\" data-e-type=\"widget\" data-widget_type=\"heading.default\">\n\t\t\t\t<div class=\"elementor-widget-container\">\n\t\t\t\t\t<h1 class=\"elementor-heading-title elementor-size-default\">ABSTRACT ART<\/h1>\t\t\t\t<\/div>\n\t\t\t\t<\/div>\n\t\t\t\t<div class=\"elementor-element elementor-element-44358f5 elementor-widget elementor-widget-text-editor\" data-id=\"44358f5\" data-element_type=\"widget\" data-e-type=\"widget\" data-widget_type=\"text-editor.default\">\n\t\t\t\t<div class=\"elementor-widget-container\">\n\t\t\t\t\t\t\t\t\t<p><em><strong>Abstract art<\/strong><\/em> \u2013\u00a0savoti\u0161ka vizuali veikla, kuria nesiekiama imituoti ar rodyti vizualiai suvokiamos tikrov\u0117s. Ji nukreipta \u012f \u017emogaus vidinio pasaulio vaizd\u0105, jo emocines, psichologines b\u016bsenas. Pagrindin\u0117 abstrak\u010diojo meno savyb\u0117 yra ta, kad jis da\u017enai\u00a0 neturi atpa\u017e\u012fstamo subjekto. Kai kurie abstrakt\u016bs menininkai tur\u0117jo teorij\u0173 apie emocijas, kurias suk\u0117l\u0117 tam tikros spalvos ir formos. Jie iki smulkmen\u0173 planuodavo, kaip tapys savo, atrodyt\u0173, atsitiktinius paveikslus. Kiti abstrakt\u016bs menininkai tap\u0117 emocijomis ir atsitiktinumu, tik\u0117damiesi u\u017efiksuoti savo jausmus ir pas\u0105mon\u0117s mintis ant drob\u0117s.<\/p><p><br \/><em><strong>Abstrakti tapyba<\/strong><\/em> \u2013 ypatinga vizualiojo meno r\u016b\u0161is, kurios funkcijos lyginamos su muzikos funkcijomis garso erdv\u0117je.<\/p><p>\u00a0<\/p><h3><strong>Abstraction method. What is it and how to understand it?<\/strong><\/h3><p><em><strong>Abstraction method<\/strong><\/em> \u2013 atitr\u016bkimas pa\u017einimo procese nuo neesmini\u0173 nagrin\u0117jamo rei\u0161kinio dalyk\u0173, siekiant susikoncentruoti ties pagrindiniais, esminiais jo bruo\u017eais, atskleisti j\u0173 esm\u0119.<\/p><p>A situation every modern art lover can find themselves in: standing in front of a fascinating and captivating abstract painting and feeling absolutely nothing. Nothing but annoyance and a slight sadness - not because the painting makes you feel that way, but because your mind is spinning with thoughts of \"what's painted here, and where should I look\". This is where formal analysis comes in, and this is the place to start with any work of art.<\/p><h3><strong>Abstraction method<\/strong><\/h3><p>Breathe out and try to answer a few questions: what do I see in front of me? What are the materials and when was it made? How do the shapes and lines I see play off each other? Is there a sense of depth? Next step: listen to yourself and try to identify what emotions are evoked by what you see. Answer the question: am I trying to figure out what it looks like, or am I letting my mind interact freely with colour and shape?<\/p><p>Remember, it's not just the picture that matters, but also the frame - or lack of it. The rejection of frames is a conscious choice by the artist, inviting you to reject old ideas about art and to expand its boundaries in your mind, literally.<\/p><p>\u00a0<\/p><h3><strong>Abstract art and interior solutions<\/strong><\/h3><p>When you want to bring new colour and life into your home, a modern abstract painting is the perfect solution. Abstract art not only adds pattern and colour to the interior of the home, but also becomes a focal point from which to start each day, creating a strong connection with the artwork.\u00a0<\/p><p>Tokiu b\u016bdu paveikslas palaipsniui pradeda skleisti savo meditacines, relaksacines galias, \u017eadindamas nor\u0105 vis \u017evilgtel\u0117ti ir kiekvien\u0105 kart\u0105 atrasti ka\u017ek\u0105 i\u0161 naujo. Abstrakt\u016bs paveikslai i\u0161pildo tiek svetain\u0117s ar miegamojo interjer\u0105, tiek baltas biuro sienas, tad interjero sprendimai, \u012f kuriuos \u012ftraukiami auk\u0161t\u0105 menin\u0119 vert\u0119 turintys paveikslai \u2013 ypa\u010d populiar\u016bs ne tik kuriant jauki\u0105 atmosfer\u0105 namuose, ta\u010diau ir verslo centruose, biuruose.<\/p><p><br \/><em><strong>Abstractions<\/strong><\/em> \u2013 tai m\u016bs\u0173 pa\u010di\u0173 emocij\u0173 kupina k\u016bryba, vidini\u0173 i\u0161gyvenim\u0173 ir nuotaik\u0173 i\u0161rai\u0161ka. Interjero sprendimai, kuriuose svarbi\u0105 dal\u012f u\u017eima tokie paveikslai, praturtina ne tik erdv\u0119, bet ir siel\u0105.\u00a0<\/p>\t\t\t\t\t\t\t\t<\/div>\n\t\t\t\t<\/div>\n\t\t\t\t<div class=\"elementor-element elementor-element-e0eb066 elementor-widget elementor-widget-qi_addons_for_elementor_button\" data-id=\"e0eb066\" data-element_type=\"widget\" data-e-type=\"widget\" data-widget_type=\"qi_addons_for_elementor_button.default\">\n\t\t\t\t<div class=\"elementor-widget-container\">\n\t\t\t\t\t<a class=\"qodef-shortcode qodef-m qodef-qi-button qodef-html--link qodef-layout--filled qodef-type--standard qodef-icon--right qodef-hover--icon-move-horizontal-short\" href=\"\/parduodami-paveikslai\" target=\"_self\">\n\t<span class=\"qodef-m-text\">PAINTINGS FOR SALE<\/span>\n\t<\/a>\n\t\t\t\t<\/div>\n\t\t\t\t<\/div>\n\t\t\t\t<\/div>\n\t\t\t\t\t<\/div>\n\t\t\t\t<\/div>\n\t\t\t\t<\/div>","protected":false},"excerpt":{"rendered":"<p>ABSTRAKTUS MENAS Abstraktus menas \u2013\u00a0savoti\u0161ka vizuali veikla, kuria nesiekiama imituoti ar rodyti vizualiai suvokiamos tikrov\u0117s. Ji nukreipta \u012f \u017emogaus vidinio pasaulio vaizd\u0105, jo emocines, psichologines b\u016bsenas. Pagrindin\u0117 abstrak\u010diojo meno savyb\u0117 yra ta, kad jis da\u017enai\u00a0 neturi atpa\u017e\u012fstamo subjekto. Kai kurie abstrakt\u016bs menininkai tur\u0117jo teorij\u0173 apie emocijas, kurias suk\u0117l\u0117 tam tikros spalvos ir formos. Jie iki [&hellip;]<\/p>\n","protected":false},"author":5,"featured_media":0,"parent":0,"menu_order":0,"comment_status":"closed","ping_status":"closed","template":"page-full-width.php","meta":{"_acf_changed":false,"footnotes":""},"class_list":["post-129549","page","type-page","status-publish","hentry"],"acf":[],"_links":{"self":[{"href":"https:\/\/eigirdas.com\/en\/wp-json\/wp\/v2\/pages\/129549","targetHints":{"allow":["GET"]}}],"collection":[{"href":"https:\/\/eigirdas.com\/en\/wp-json\/wp\/v2\/pages"}],"about":[{"href":"https:\/\/eigirdas.com\/en\/wp-json\/wp\/v2\/types\/page"}],"author":[{"embeddable":true,"href":"https:\/\/eigirdas.com\/en\/wp-json\/wp\/v2\/users\/5"}],"replies":[{"embeddable":true,"href":"https:\/\/eigirdas.com\/en\/wp-json\/wp\/v2\/comments?post=129549"}],"version-history":[{"count":13,"href":"https:\/\/eigirdas.com\/en\/wp-json\/wp\/v2\/pages\/129549\/revisions"}],"predecessor-version":[{"id":333951,"href":"https:\/\/eigirdas.com\/en\/wp-json\/wp\/v2\/pages\/129549\/revisions\/333951"}],"wp:attachment":[{"href":"https:\/\/eigirdas.com\/en\/wp-json\/wp\/v2\/media?parent=129549"}],"curies":[{"name":"wp","href":"https:\/\/api.w.org\/{rel}","templated":true}]}}